{"id":14059,"date":"2019-02-27T15:17:06","date_gmt":"2019-02-27T15:17:06","guid":{"rendered":"https:\/\/humanmedical.eu\/partner-program\/"},"modified":"2020-06-08T04:59:47","modified_gmt":"2020-06-08T04:59:47","slug":"partner-program","status":"publish","type":"page","link":"https:\/\/humanmedical.eu\/en\/partner-program\/","title":{"rendered":"Partner program"},"content":{"rendered":"\n<style type=\"text\/css\" data-created_by=\"avia_inline_auto\" id=\"style-css-av-k3isgiaz-e69560201635377ba26153528a72dc7d\">\n.avia-section.av-k3isgiaz-e69560201635377ba26153528a72dc7d .av-parallax .av-parallax-inner{\nbackground-repeat:no-repeat;\nbackground-image:url(https:\/\/humanmedical.eu\/hmnmdcl17\/wp-content\/uploads\/human-medical-title-row.jpg);\nbackground-position:50% 100%;\nbackground-attachment:scroll;\n}\n<\/style>\n<div id='no-radius'  class='avia-section av-k3isgiaz-e69560201635377ba26153528a72dc7d main_color avia-section-no-padding avia-no-border-styling  avia-builder-el-0  el_before_av_section  avia-builder-el-first  avia-full-stretch av-parallax-section avia-bg-style-parallax av-minimum-height av-minimum-height-custom  container_wrap sidebar_right'  data-section-bg-repeat='stretch' data-av_minimum_height_px='305'><div class='av-parallax' data-avia-parallax-ratio='0.3' ><div class='av-parallax-inner main_color avia-full-stretch'><\/div><\/div><div class='container av-section-cont-open' style='height:305px'><main  role=\"main\" itemprop=\"mainContentOfPage\"  class='template-page content  av-content-small alpha units'><div class='post-entry post-entry-type-page post-entry-14059'><div class='entry-content-wrapper clearfix'>\n\n<style type=\"text\/css\" data-created_by=\"avia_inline_auto\" id=\"style-css-av-2rlxov-edc109ea45a773fd09883a7bbe2de6bf\">\n.flex_column.av-2rlxov-edc109ea45a773fd09883a7bbe2de6bf{\n-webkit-border-radius:0px 0px 0px 0px;\n-moz-border-radius:0px 0px 0px 0px;\nborder-radius:0px 0px 0px 0px;\npadding:0px 0px 0px 0px;\n}\n<\/style>\n<div class='flex_column av-2rlxov-edc109ea45a773fd09883a7bbe2de6bf av_one_full  avia-builder-el-1  avia-builder-el-no-sibling  first flex_column_div av-animated-generic top-to-bottom av-zero-column-padding '     ><style type=\"text\/css\" data-created_by=\"avia_inline_auto\" id=\"style-css-av-kb4k25ci-e19a21d299bfe441b7c9c1a455dfd85c\">\n#top .av-special-heading.av-kb4k25ci-e19a21d299bfe441b7c9c1a455dfd85c{\npadding-bottom:10px;\ncolor:#ffffff;\nfont-size:60px;\n}\nbody .av-special-heading.av-kb4k25ci-e19a21d299bfe441b7c9c1a455dfd85c .av-special-heading-tag .heading-char{\nfont-size:25px;\n}\n#top #wrap_all .av-special-heading.av-kb4k25ci-e19a21d299bfe441b7c9c1a455dfd85c .av-special-heading-tag{\nfont-size:60px;\n}\n.av-special-heading.av-kb4k25ci-e19a21d299bfe441b7c9c1a455dfd85c .special-heading-inner-border{\nborder-color:#ffffff;\n}\n.av-special-heading.av-kb4k25ci-e19a21d299bfe441b7c9c1a455dfd85c .av-subheading{\nfont-size:25px;\n}\n\n@media only screen and (min-width: 480px) and (max-width: 767px){ \n#top #wrap_all .av-special-heading.av-kb4k25ci-e19a21d299bfe441b7c9c1a455dfd85c .av-special-heading-tag{\nfont-size:0.8em;\n}\n}\n\n@media only screen and (max-width: 479px){ \n#top #wrap_all .av-special-heading.av-kb4k25ci-e19a21d299bfe441b7c9c1a455dfd85c .av-special-heading-tag{\nfont-size:0.8em;\n}\n}\n<\/style>\n<div  class='av-special-heading av-kb4k25ci-e19a21d299bfe441b7c9c1a455dfd85c av-special-heading-h1 custom-color-heading blockquote modern-quote modern-centered  avia-builder-el-2  avia-builder-el-no-sibling  headersection av-inherit-size'><h1 class='av-special-heading-tag'  itemprop=\"headline\"  >Partner program<\/h1><div class='av_custom_color av-subheading av-subheading_below'><p>BECOME A PARTNER!<\/p>\n<\/div><div class=\"special-heading-border\"><div class=\"special-heading-inner-border\"><\/div><\/div><\/div><\/div>\n\n<\/div><\/div><\/main><!-- close content main element --><\/div><\/div><div id='summary-of-procedure'  class='avia-section av-4y56jr-e3b94b1827af90ba7a4b7e940195399a main_color avia-section-default avia-no-border-styling  avia-builder-el-3  el_after_av_section  avia-builder-el-last  avia-bg-style-scroll container_wrap sidebar_right'  ><div class='container av-section-cont-open' ><div class='template-page content  av-content-small alpha units'><div class='post-entry post-entry-type-page post-entry-14059'><div class='entry-content-wrapper clearfix'>\n\n<style type=\"text\/css\" data-created_by=\"avia_inline_auto\" id=\"style-css-av-20jbbk-4ba25fb3ab00d81dccf37c23e38831b6\">\n.flex_column.av-20jbbk-4ba25fb3ab00d81dccf37c23e38831b6{\n-webkit-border-radius:0px 0px 0px 0px;\n-moz-border-radius:0px 0px 0px 0px;\nborder-radius:0px 0px 0px 0px;\npadding:0px 0px 0px 0px;\n}\n<\/style>\n<div class='flex_column av-20jbbk-4ba25fb3ab00d81dccf37c23e38831b6 av_one_full  avia-builder-el-4  el_before_av_one_half  avia-builder-el-first  first flex_column_div av-animated-generic top-to-bottom av-zero-column-padding '     ><p>\n<style type=\"text\/css\" data-created_by=\"avia_inline_auto\" id=\"style-css-av-av_heading-626f138f62a44e5f0992904ed69717f6\">\n#top .av-special-heading.av-av_heading-626f138f62a44e5f0992904ed69717f6{\npadding-bottom:10px;\n}\nbody .av-special-heading.av-av_heading-626f138f62a44e5f0992904ed69717f6 .av-special-heading-tag .heading-char{\nfont-size:25px;\n}\n.av-special-heading.av-av_heading-626f138f62a44e5f0992904ed69717f6 .av-subheading{\nfont-size:15px;\n}\n<\/style>\n<div  class='av-special-heading av-av_heading-626f138f62a44e5f0992904ed69717f6 av-special-heading-h3 blockquote modern-quote modern-centered  avia-builder-el-5  el_before_av_hr  avia-builder-el-first '><h3 class='av-special-heading-tag'  itemprop=\"headline\"  ><span style=\"font-size: 35px; font-weight: 100; color: #153265; line-height: 1.1;\">Partner <\/span> <span style=\"font-size: 35px; color: #c9a54b; line-height: 1.1;\"> program<\/span><\/h3><div class=\"special-heading-border\"><div class=\"special-heading-inner-border\"><\/div><\/div><\/div><br \/>\n\n<style type=\"text\/css\" data-created_by=\"avia_inline_auto\" id=\"style-css-av-k844my8y-d613daef58a8a2b2d958da7c66e6682f\">\n#top .hr.av-k844my8y-d613daef58a8a2b2d958da7c66e6682f{\nmargin-top:0px;\nmargin-bottom:10px;\n}\n.hr.av-k844my8y-d613daef58a8a2b2d958da7c66e6682f .hr-inner{\nwidth:75px;\nborder-color:#cccccc;\n}\n<\/style>\n<div  class='hr av-k844my8y-d613daef58a8a2b2d958da7c66e6682f hr-custom  avia-builder-el-6  el_after_av_heading  el_before_av_textblock  hr-center hr-icon-no'><span class='hr-inner inner-border-av-border-thin'><span class=\"hr-inner-style\"><\/span><\/span><\/div><br \/>\n<section  class='av_textblock_section av-k8fxbvh1-980300b7df98cad5806dca25bd0c0344'  itemscope=\"itemscope\" itemtype=\"https:\/\/schema.org\/CreativeWork\" ><div class='avia_textblock'  itemprop=\"text\" ><div class=\"jhH5U\">\n<div id=\"tw-ob\" class=\"tw-src-ltr\">\n<div class=\"oSioSc\">\n<div id=\"tw-target\">\n<div id=\"kAz1tf\" class=\"g9WsWb\">\n<div id=\"tw-target-text-container\" class=\"tw-ta-container hide-focus-ring tw-nfl\" tabindex=\"0\">\n<h3 id=\"tw-target-text\" class=\"tw-data-text tw-text-large XcVN5d tw-ta\" dir=\"ltr\" style=\"text-align: center;\" data-placeholder=\"Translation\"><span lang=\"en\">We are looking for Sales Partners to build our nationwide network. <\/span><\/h3>\n<h4 class=\"tw-data-text tw-text-large XcVN5d tw-ta\" dir=\"ltr\" style=\"text-align: center;\" data-placeholder=\"Translation\"><span lang=\"en\">We are waiting for you with elaborated business offers!<\/span><\/h4>\n<\/div>\n<\/div>\n<\/div>\n<\/div>\n<\/div>\n<\/div>\n<\/div><\/section><\/p><\/div><div class='flex_column_table av-yk2n4-5c2397bf72926fdd0bc21caed109e4a5 sc-av_one_half av-break-at-tablet-flextable av-equal-height-column-flextable'>\n<style type=\"text\/css\" data-created_by=\"avia_inline_auto\" id=\"style-css-av-yk2n4-5c2397bf72926fdd0bc21caed109e4a5\">\n.flex_column.av-yk2n4-5c2397bf72926fdd0bc21caed109e4a5{\n-webkit-border-radius:0px 0px 0px 0px;\n-moz-border-radius:0px 0px 0px 0px;\nborder-radius:0px 0px 0px 0px;\npadding:0px 0px 0px 0px;\n}\n<\/style>\n<div class='flex_column av-yk2n4-5c2397bf72926fdd0bc21caed109e4a5 av_one_half  avia-builder-el-8  el_after_av_one_full  el_before_av_one_half  first av-break-at-tablet flex_column_table_cell av-equal-height-column av-align-middle av-zero-column-padding column-top-margin'     ><section  class='av_textblock_section av-k8fx2vmo-e638fee125952e7b76a12afe09cc0cb9'  itemscope=\"itemscope\" itemtype=\"https:\/\/schema.org\/CreativeWork\" ><div class='avia_textblock'  itemprop=\"text\" ><p style=\"text-align: center;\"><strong>We provide our partners with the following: <\/strong><\/p>\n<p style=\"text-align: center;\">Marketing materials<\/p>\n<p style=\"text-align: center;\">Professional medical background<\/p>\n<p style=\"text-align: center;\">Safe Laser training in use and sales<\/p>\n<p style=\"text-align: center;\">Medical consultation in case of professional issues<\/p>\n<p style=\"text-align: center;\">Professional materials (written, image and video) for effective communication<\/p>\n<p style=\"text-align: center;\">Competitive commission or margin<\/p>\n<\/div><\/section><\/div><div class='av-flex-placeholder'><\/div>\n<style type=\"text\/css\" data-created_by=\"avia_inline_auto\" id=\"style-css-av-83j6rk-41fd9214275630c055c47085e1fc5841\">\n.flex_column.av-83j6rk-41fd9214275630c055c47085e1fc5841{\n-webkit-border-radius:0px 0px 0px 0px;\n-moz-border-radius:0px 0px 0px 0px;\nborder-radius:0px 0px 0px 0px;\npadding:0px 0px 0px 0px;\n}\n<\/style>\n<div class='flex_column av-83j6rk-41fd9214275630c055c47085e1fc5841 av_one_half  avia-builder-el-10  el_after_av_one_half  el_before_av_one_fifth  av-break-at-tablet flex_column_table_cell av-equal-height-column av-align-middle av-zero-column-padding column-top-margin'     ><section  class='av_textblock_section av-k8fx2vmo-e638fee125952e7b76a12afe09cc0cb9'  itemscope=\"itemscope\" itemtype=\"https:\/\/schema.org\/CreativeWork\" ><div class='avia_textblock'  itemprop=\"text\" ><h4 style=\"text-align: center;\"><strong>What we expect from you: <\/strong><\/h4>\n<p style=\"text-align: center;\">Outsourcing of marketing materials<\/p>\n<p style=\"text-align: center;\">Recommend devices<\/p>\n<p style=\"text-align: center;\">Sale Recommendation for customers and other partners<\/p>\n<\/div><\/section><\/div><\/div><!--close column table wrapper. Autoclose: 1 -->\n<style type=\"text\/css\" data-created_by=\"avia_inline_auto\" id=\"style-css-av-5ima3k-d4a405cff7eff217bf368a8bb7bea321\">\n.flex_column.av-5ima3k-d4a405cff7eff217bf368a8bb7bea321{\n-webkit-border-radius:0px 0px 0px 0px;\n-moz-border-radius:0px 0px 0px 0px;\nborder-radius:0px 0px 0px 0px;\npadding:0px 0px 0px 0px;\n}\n<\/style>\n<div class='flex_column av-5ima3k-d4a405cff7eff217bf368a8bb7bea321 av_one_fifth  avia-builder-el-12  el_after_av_one_half  el_before_av_three_fifth  first flex_column_div av-zero-column-padding column-top-margin'     ><\/div>\n<style type=\"text\/css\" data-created_by=\"avia_inline_auto\" id=\"style-css-av-3l7ke8-c63267b59c1be754353be479b05362eb\">\n.flex_column.av-3l7ke8-c63267b59c1be754353be479b05362eb{\n-webkit-border-radius:0px 0px 0px 0px;\n-moz-border-radius:0px 0px 0px 0px;\nborder-radius:0px 0px 0px 0px;\npadding:0px 0px 0px 0px;\n}\n<\/style>\n<div class='flex_column av-3l7ke8-c63267b59c1be754353be479b05362eb av_three_fifth  avia-builder-el-13  el_after_av_one_fifth  el_before_av_one_fifth  flex_column_div av-zero-column-padding column-top-margin'     ><section  class='av_textblock_section av-k8fx2vmo-e638fee125952e7b76a12afe09cc0cb9'  itemscope=\"itemscope\" itemtype=\"https:\/\/schema.org\/CreativeWork\" ><div class='avia_textblock'  itemprop=\"text\" ><h4 style=\"text-align: center;\"><strong>If you would like to introduce a product into your sales portfolio that cures without harmful side effects and is accepted by those interested in alternative cures, CALL US! <\/strong><\/h4>\n<h4 style=\"text-align: center;\"><strong>Safe Laser is a medical certification and is widely recognized by physicians.<\/strong><\/h4>\n<h4 style=\"text-align: center;\"><strong> If you also provide health care, you can expand your services with therapies that can be performed with Safe Laser. <\/strong><\/h4>\n<p style=\"text-align: center;\"><strong>WE ARE WAITING FOR YOUR APPLICATION <\/strong>AT THE FOLLOWING CONTACTS<strong>: <\/strong><\/p>\n<h4 style=\"text-align: center;\"><strong>Szil\u00e1rd T\u00f6reky<\/strong><\/h4>\n<p style=\"text-align: center;\"><strong> Phone:<\/strong>+36 70 702 750<\/p>\n<p style=\"text-align: center;\"><strong>E-mail:<\/strong>\u00a0<a href=\"mailto:szilard.toreky@humanmedical.eu\">szilard.toreky@humanmedical.eu<\/a><\/p>\n<h4 style=\"text-align: center;\"><strong>Korn\u00e9l F\u00fcl\u00f6p<\/strong><\/h4>\n<p style=\"text-align: center;\"><strong>Phone:\u00a0<\/strong>+36 30 488 0498<\/p>\n<p style=\"text-align: center;\"><strong>E-mail:<\/strong>\u00a0<a href=\"mailto:kornel.fulop@humanmedical.eu\">kornel.fulop@humanmedical.eu<\/a><\/p>\n<p id=\"tw-target-text\" class=\"tw-data-text tw-text-large XcVN5d tw-ta\" dir=\"ltr\" data-placeholder=\"Translation\"><span lang=\"en\">Office and Showroom: Budapest, 7th district, Erzs\u00e9bet boulevard. 13. 2\/1. (At Blaha Lujza Square, next to the New York Caf\u00e9, corner of Doh\u00e1ny Street-Erzs\u00e9bet Boulevard)<\/span><\/p>\n<p style=\"text-align: center;\"><strong>E-mail:\u00a0<\/strong><a href=\"mailto:office@humanmedical.eu\">office@humanmedical.eu<\/a><\/p>\n<\/div><\/section><br \/>\n\n<style type=\"text\/css\" data-created_by=\"avia_inline_auto\" id=\"style-css-av-k8a0tzkl-b67bdbf89e2f7d5e4dff6d59bd5aacff\">\n.avia-image-container.av-k8a0tzkl-b67bdbf89e2f7d5e4dff6d59bd5aacff img.avia_image{\nbox-shadow:none;\n}\n.avia-image-container.av-k8a0tzkl-b67bdbf89e2f7d5e4dff6d59bd5aacff .av-image-caption-overlay-center{\ncolor:#ffffff;\n}\n<\/style>\n<div  class='avia-image-container av-k8a0tzkl-b67bdbf89e2f7d5e4dff6d59bd5aacff av-styling- avia-align-center  avia-builder-el-15  el_after_av_textblock  avia-builder-el-last '   itemprop=\"image\" itemscope=\"itemscope\" itemtype=\"https:\/\/schema.org\/ImageObject\" ><div class=\"avia-image-container-inner\"><div class=\"avia-image-overlay-wrap\"><img class='avia_image ' src='https:\/\/humanmedical.eu\/hmnmdcl17\/wp-content\/uploads\/hm-logo-partner-program.jpg' alt='' title='hm-logo-partner-program'  height=\"142\" width=\"255\"  itemprop=\"thumbnailUrl\"  \/><\/div><\/div><\/div><\/p><\/div>\n<style type=\"text\/css\" data-created_by=\"avia_inline_auto\" id=\"style-css-av-384o8g-744953cf4441bb850f5161f0e7268bc7\">\n.flex_column.av-384o8g-744953cf4441bb850f5161f0e7268bc7{\n-webkit-border-radius:0px 0px 0px 0px;\n-moz-border-radius:0px 0px 0px 0px;\nborder-radius:0px 0px 0px 0px;\npadding:0px 0px 0px 0px;\n}\n<\/style>\n<div class='flex_column av-384o8g-744953cf4441bb850f5161f0e7268bc7 av_one_fifth  avia-builder-el-16  el_after_av_three_fifth  avia-builder-el-last  flex_column_div av-zero-column-padding column-top-margin'     ><\/div><\/div><\/div><\/div><!-- close content main div --><\/div><\/div><div id='after_section_2'  class='main_color av_default_container_wrap container_wrap sidebar_right'  ><div class='container av-section-cont-open' ><div class='template-page content  av-content-small alpha units'><div class='post-entry post-entry-type-page post-entry-14059'><div class='entry-content-wrapper clearfix'>\n","protected":false},"excerpt":{"rendered":"","protected":false},"author":1,"featured_media":0,"parent":0,"menu_order":0,"comment_status":"closed","ping_status":"closed","template":"","meta":{"footnotes":""},"class_list":["post-14059","page","type-page","status-publish","hentry"],"_links":{"self":[{"href":"https:\/\/humanmedical.eu\/en\/wp-json\/wp\/v2\/pages\/14059","targetHints":{"allow":["GET"]}}],"collection":[{"href":"https:\/\/humanmedical.eu\/en\/wp-json\/wp\/v2\/pages"}],"about":[{"href":"https:\/\/humanmedical.eu\/en\/wp-json\/wp\/v2\/types\/page"}],"author":[{"embeddable":true,"href":"https:\/\/humanmedical.eu\/en\/wp-json\/wp\/v2\/users\/1"}],"replies":[{"embeddable":true,"href":"https:\/\/humanmedical.eu\/en\/wp-json\/wp\/v2\/comments?post=14059"}],"version-history":[{"count":0,"href":"https:\/\/humanmedical.eu\/en\/wp-json\/wp\/v2\/pages\/14059\/revisions"}],"wp:attachment":[{"href":"https:\/\/humanmedical.eu\/en\/wp-json\/wp\/v2\/media?parent=14059"}],"curies":[{"name":"wp","href":"https:\/\/api.w.org\/{rel}","templated":true}]}}