{"id":14053,"date":"2019-10-28T15:18:23","date_gmt":"2019-10-28T15:18:23","guid":{"rendered":"https:\/\/humanmedical.eu\/dokumentumtar\/"},"modified":"2020-06-09T13:23:46","modified_gmt":"2020-06-09T13:23:46","slug":"dokumentumtar","status":"publish","type":"page","link":"https:\/\/humanmedical.eu\/en\/dokumentumtar\/","title":{"rendered":"Documents"},"content":{"rendered":"\n<style type=\"text\/css\" data-created_by=\"avia_inline_auto\" id=\"style-css-av-k3isgiaz-2c4e1a52fca6aa5d140242f0217a5307\">\n.avia-section.av-k3isgiaz-2c4e1a52fca6aa5d140242f0217a5307 .av-parallax .av-parallax-inner{\nbackground-repeat:no-repeat;\nbackground-image:url(https:\/\/humanmedical.eu\/hmnmdcl17\/wp-content\/uploads\/human-medical-title-row.jpg);\nbackground-position:50% 100%;\nbackground-attachment:scroll;\n}\n<\/style>\n<div id='no-radius'  class='avia-section av-k3isgiaz-2c4e1a52fca6aa5d140242f0217a5307 main_color avia-section-no-padding avia-shadow  avia-builder-el-0  el_before_av_section  avia-builder-el-first  avia-full-stretch av-parallax-section avia-bg-style-parallax av-minimum-height av-minimum-height-custom  container_wrap sidebar_right'  data-section-bg-repeat='stretch' data-av_minimum_height_px='305'><div class='av-parallax' data-avia-parallax-ratio='0.3' ><div class='av-parallax-inner main_color avia-full-stretch'><\/div><\/div><div class='container av-section-cont-open' style='height:305px'><main  role=\"main\" itemprop=\"mainContentOfPage\"  class='template-page content  av-content-small alpha units'><div class='post-entry post-entry-type-page post-entry-14053'><div class='entry-content-wrapper clearfix'>\n\n<style type=\"text\/css\" data-created_by=\"avia_inline_auto\" id=\"style-css-av-2rlxov-edc109ea45a773fd09883a7bbe2de6bf\">\n.flex_column.av-2rlxov-edc109ea45a773fd09883a7bbe2de6bf{\n-webkit-border-radius:0px 0px 0px 0px;\n-moz-border-radius:0px 0px 0px 0px;\nborder-radius:0px 0px 0px 0px;\npadding:0px 0px 0px 0px;\n}\n<\/style>\n<div class='flex_column av-2rlxov-edc109ea45a773fd09883a7bbe2de6bf av_one_full  avia-builder-el-1  avia-builder-el-no-sibling  first flex_column_div av-animated-generic top-to-bottom av-zero-column-padding '     ><style type=\"text\/css\" data-created_by=\"avia_inline_auto\" id=\"style-css-av-k9l6ifqi-1c88d4b0a189ff8db2d0d1f78dc1b106\">\n#top .av-special-heading.av-k9l6ifqi-1c88d4b0a189ff8db2d0d1f78dc1b106{\npadding-bottom:10px;\ncolor:#ffffff;\nfont-size:60px;\n}\nbody .av-special-heading.av-k9l6ifqi-1c88d4b0a189ff8db2d0d1f78dc1b106 .av-special-heading-tag .heading-char{\nfont-size:25px;\n}\n#top #wrap_all .av-special-heading.av-k9l6ifqi-1c88d4b0a189ff8db2d0d1f78dc1b106 .av-special-heading-tag{\nfont-size:60px;\n}\n.av-special-heading.av-k9l6ifqi-1c88d4b0a189ff8db2d0d1f78dc1b106 .special-heading-inner-border{\nborder-color:#ffffff;\n}\n.av-special-heading.av-k9l6ifqi-1c88d4b0a189ff8db2d0d1f78dc1b106 .av-subheading{\nfont-size:25px;\n}\n\n@media only screen and (min-width: 480px) and (max-width: 767px){ \n#top #wrap_all .av-special-heading.av-k9l6ifqi-1c88d4b0a189ff8db2d0d1f78dc1b106 .av-special-heading-tag{\nfont-size:0.8em;\n}\n}\n\n@media only screen and (max-width: 479px){ \n#top #wrap_all .av-special-heading.av-k9l6ifqi-1c88d4b0a189ff8db2d0d1f78dc1b106 .av-special-heading-tag{\nfont-size:0.8em;\n}\n}\n<\/style>\n<div  class='av-special-heading av-k9l6ifqi-1c88d4b0a189ff8db2d0d1f78dc1b106 av-special-heading-h1 custom-color-heading blockquote modern-quote modern-centered  avia-builder-el-2  avia-builder-el-no-sibling  headersection av-inherit-size'><h1 class='av-special-heading-tag'  itemprop=\"headline\"  >Dokumentumt\u00e1r<\/h1><div class='av_custom_color av-subheading av-subheading_below'><p>LET\u00d6LTHET\u0150 DOKUMENTUMOK<\/p>\n<\/div><div class=\"special-heading-border\"><div class=\"special-heading-inner-border\"><\/div><\/div><\/div><\/div>\n\n<\/div><\/div><\/main><!-- close content main element --><\/div><\/div>\n<style type=\"text\/css\" data-created_by=\"avia_inline_auto\" id=\"style-css-av-3rjirq-cbb318c585aed28d807190c6db0ed70a\">\n.avia-section.av-3rjirq-cbb318c585aed28d807190c6db0ed70a{\nbackground-color:#ffffff;\nbackground-image:unset;\n}\n<\/style>\n<div id='av_section_2'  class='avia-section av-3rjirq-cbb318c585aed28d807190c6db0ed70a main_color avia-section-large avia-no-border-styling  avia-builder-el-3  el_after_av_section  avia-builder-el-last  avia-bg-style-scroll container_wrap sidebar_right'  ><div class='container av-section-cont-open' ><div class='template-page content  av-content-small alpha units'><div class='post-entry post-entry-type-page post-entry-14053'><div class='entry-content-wrapper clearfix'>\n\n<style type=\"text\/css\" data-created_by=\"avia_inline_auto\" id=\"style-css-av-7jgnn-6cd03f92eff8836ba73aae5504c5efe6\">\n.flex_column.av-7jgnn-6cd03f92eff8836ba73aae5504c5efe6{\n-webkit-border-radius:0px 0px 0px 0px;\n-moz-border-radius:0px 0px 0px 0px;\nborder-radius:0px 0px 0px 0px;\npadding:0px 0px 0px 0px;\n}\n<\/style>\n<div class='flex_column av-7jgnn-6cd03f92eff8836ba73aae5504c5efe6 av_one_full  avia-builder-el-4  el_before_av_one_third  avia-builder-el-first  first flex_column_div av-animated-generic top-to-bottom av-zero-column-padding '     ><p>\n<style type=\"text\/css\" data-created_by=\"avia_inline_auto\" id=\"style-css-av-kb7yg8f8-79be0971198fe84640c959edbf196e20\">\n#top .av-special-heading.av-kb7yg8f8-79be0971198fe84640c959edbf196e20{\npadding-bottom:10px;\n}\nbody .av-special-heading.av-kb7yg8f8-79be0971198fe84640c959edbf196e20 .av-special-heading-tag .heading-char{\nfont-size:25px;\n}\n.av-special-heading.av-kb7yg8f8-79be0971198fe84640c959edbf196e20 .av-subheading{\nfont-size:15px;\n}\n<\/style>\n<div  class='av-special-heading av-kb7yg8f8-79be0971198fe84640c959edbf196e20 av-special-heading-h3 blockquote modern-quote modern-centered  avia-builder-el-5  el_before_av_hr  avia-builder-el-first '><h3 class='av-special-heading-tag'  itemprop=\"headline\"  ><span style=\"font-size: 35px; font-weight: 100; color: #153265; line-height: 1.1;\">Documents<\/span> <span style=\"font-size: 35px; color: #c9a54b; line-height: 1.1;\"> dokumentumok<\/span><\/h3><div class=\"special-heading-border\"><div class=\"special-heading-inner-border\"><\/div><\/div><\/div><br \/>\n\n<style type=\"text\/css\" data-created_by=\"avia_inline_auto\" id=\"style-css-av-k844my8y-d613daef58a8a2b2d958da7c66e6682f\">\n#top .hr.av-k844my8y-d613daef58a8a2b2d958da7c66e6682f{\nmargin-top:0px;\nmargin-bottom:10px;\n}\n.hr.av-k844my8y-d613daef58a8a2b2d958da7c66e6682f .hr-inner{\nwidth:75px;\nborder-color:#cccccc;\n}\n<\/style>\n<div  class='hr av-k844my8y-d613daef58a8a2b2d958da7c66e6682f hr-custom  avia-builder-el-6  el_after_av_heading  avia-builder-el-last  hr-center hr-icon-no'><span class='hr-inner inner-border-av-border-thin'><span class=\"hr-inner-style\"><\/span><\/span><\/div><\/p><\/div><div class='flex_column_table av-3l4xue-941f2e9ef19d4fef7cd7829067c41f0c sc-av_one_third av-equal-height-column-flextable'>\n<style type=\"text\/css\" data-created_by=\"avia_inline_auto\" id=\"style-css-av-3l4xue-941f2e9ef19d4fef7cd7829067c41f0c\">\n.flex_column.av-3l4xue-941f2e9ef19d4fef7cd7829067c41f0c{\n-webkit-border-radius:0px 0px 0px 0px;\n-moz-border-radius:0px 0px 0px 0px;\nborder-radius:0px 0px 0px 0px;\npadding:0px 0px 0px 0px;\n}\n<\/style>\n<div class='flex_column av-3l4xue-941f2e9ef19d4fef7cd7829067c41f0c av_one_third  avia-builder-el-7  el_after_av_one_full  el_before_av_one_third  first flex_column_table_cell av-equal-height-column av-align-middle av-animated-generic bottom-to-top av-zero-column-padding column-top-margin'     ><\/div><div class='av-flex-placeholder'><\/div>\n<style type=\"text\/css\" data-created_by=\"avia_inline_auto\" id=\"style-css-av-3l4xue-16eeeced2f11bd39535218347384f23a\">\n.flex_column.av-3l4xue-16eeeced2f11bd39535218347384f23a{\n-webkit-border-radius:0px 0px 0px 0px;\n-moz-border-radius:0px 0px 0px 0px;\nborder-radius:0px 0px 0px 0px;\npadding:0px 0px 0px 0px;\n}\n<\/style>\n<div class='flex_column av-3l4xue-16eeeced2f11bd39535218347384f23a av_one_third  avia-builder-el-8  el_after_av_one_third  el_before_av_one_third  flex_column_table_cell av-equal-height-column av-align-middle av-animated-generic bottom-to-top av-zero-column-padding column-top-margin'     ><section  class='av_textblock_section av-39prdi-595a4f17098dffc8720a81eeae2332b0'  itemscope=\"itemscope\" itemtype=\"https:\/\/schema.org\/CreativeWork\" ><div class='avia_textblock'  itemprop=\"text\" ><ul class=\"letoltheto-dokumentumok\">\n<li><a href=\"https:\/\/humanmedical.eu\/hmnmdcl17\/wp-content\/uploads\/hogyan_valasszunk_lezert.pdf\" target=\"_blank\" rel=\"noopener\">Hogyan v\u00e1lasszunk l\u00e9zert<\/a><\/li>\n<li><a href=\"https:\/\/humanmedical.eu\/hmnmdcl17\/wp-content\/uploads\/tanusitvany-safe-Laser.pdf\" target=\"_blank\" rel=\"noopener\">Orvostechnikai enged\u00e9ly-magyar<\/a><\/li>\n<li><a href=\"https:\/\/humanmedical.eu\/hmnmdcl17\/wp-content\/uploads\/lagylezerhatasok.pdf\" target=\"_blank\" rel=\"noopener\">L\u00e1gy-l\u00e9zer kezel\u00e9s ter\u00e1pi\u00e1s hat\u00e1sai<\/a><\/li>\n<li><a href=\"https:\/\/humanmedical.eu\/hmnmdcl17\/wp-content\/uploads\/lagylezer_protokoll_2016.pdf\" target=\"_blank\" rel=\"noopener\">L\u00e1gy-l\u00e9zer k\u00e9sz\u00fcl\u00e9kek kezel\u00e9si protokollja<\/a><\/li>\n<li><a href=\"https:\/\/humanmedical.eu\/hmnmdcl17\/wp-content\/uploads\/certificate_safe-laser_en.pdf\" target=\"_blank\" rel=\"noopener\">Orvostechnikai enged\u00e9ly-angol<\/a><\/li>\n<li><a href=\"https:\/\/humanmedical.eu\/hmnmdcl17\/wp-content\/uploads\/lezerfeny-hatasmechanizmusa.pdf\" target=\"_blank\" rel=\"noopener\">A l\u00e9zerf\u00e9ny hat\u00e1smechanizmusa<\/a><\/li>\n<li><a href=\"https:\/\/humanmedical.eu\/hmnmdcl17\/wp-content\/uploads\/safelaser_owners_manual.pdf\" target=\"_blank\" rel=\"noopener\">Safe Laser felhaszn\u00e1l\u00f3i k\u00e9zik\u00f6nyv (angol)<\/a><\/li>\n<li><a href=\"https:\/\/humanmedical.eu\/hmnmdcl17\/wp-content\/uploads\/declaration-of-laser-radiation-2018.pdf\" target=\"_blank\" rel=\"noopener\">Manufacture\u2019s Declara\/on of Laser Radia\/on of Safe Laser devices<\/a><\/li>\n<li><a href=\"https:\/\/humanmedical.eu\/hmnmdcl17\/wp-content\/uploads\/safelaser-leporello-0912-press.pdf\" target=\"_blank\" rel=\"noopener\">Safe Laser leporello<\/a><\/li>\n<li><a href=\"https:\/\/humanmedical.eu\/hmnmdcl17\/wp-content\/uploads\/tanusitvany-ce-safe-laser-144783-18-09-05-2018-09-05-hh4536-hu.pdf\" target=\"_blank\" rel=\"noopener\">Tan\u00fas\u00edtv\u00e1ny CE Safe Laser \u2013 144783-18-09-05-2018-09-05<\/a><\/li>\n<li><a href=\"https:\/\/humanmedical.eu\/hmnmdcl17\/wp-content\/uploads\/tanusitvany-ce-safe-laser-144783-18-09-05-2018-09-05-hh4537-en.pdf\" target=\"_blank\" rel=\"noopener\">Tan\u00fas\u00edtv\u00e1ny CE Safe Laser \u2013 144783-18-09-05-2018-09-05<\/a><\/li>\n<li><a href=\"https:\/\/humanmedical.eu\/hmnmdcl17\/wp-content\/uploads\/bemer-teszteles-megrendelolap.pdf\" target=\"_blank\" rel=\"noopener\">Bemer tesztel\u00e9s megrendel\u0151lap<\/a><\/li>\n<\/ul>\n<\/div><\/section><\/div><div class='av-flex-placeholder'><\/div>\n<style type=\"text\/css\" data-created_by=\"avia_inline_auto\" id=\"style-css-av-3l4xue-16eeeced2f11bd39535218347384f23a\">\n.flex_column.av-3l4xue-16eeeced2f11bd39535218347384f23a{\n-webkit-border-radius:0px 0px 0px 0px;\n-moz-border-radius:0px 0px 0px 0px;\nborder-radius:0px 0px 0px 0px;\npadding:0px 0px 0px 0px;\n}\n<\/style>\n<div class='flex_column av-3l4xue-16eeeced2f11bd39535218347384f23a av_one_third  avia-builder-el-10  el_after_av_one_third  avia-builder-el-last  flex_column_table_cell av-equal-height-column av-align-middle av-animated-generic bottom-to-top av-zero-column-padding column-top-margin'     ><\/div><\/div><!--close column table wrapper. Autoclose: 1 --><\/div><\/div><\/div><!-- close content main div --><\/div><\/div><div id='after_section_2'  class='main_color av_default_container_wrap container_wrap sidebar_right'  ><div class='container av-section-cont-open' ><div class='template-page content  av-content-small alpha units'><div class='post-entry post-entry-type-page post-entry-14053'><div class='entry-content-wrapper clearfix'>\n","protected":false},"excerpt":{"rendered":"","protected":false},"author":1,"featured_media":0,"parent":0,"menu_order":0,"comment_status":"closed","ping_status":"closed","template":"","meta":{"footnotes":""},"class_list":["post-14053","page","type-page","status-publish","hentry"],"_links":{"self":[{"href":"https:\/\/humanmedical.eu\/en\/wp-json\/wp\/v2\/pages\/14053","targetHints":{"allow":["GET"]}}],"collection":[{"href":"https:\/\/humanmedical.eu\/en\/wp-json\/wp\/v2\/pages"}],"about":[{"href":"https:\/\/humanmedical.eu\/en\/wp-json\/wp\/v2\/types\/page"}],"author":[{"embeddable":true,"href":"https:\/\/humanmedical.eu\/en\/wp-json\/wp\/v2\/users\/1"}],"replies":[{"embeddable":true,"href":"https:\/\/humanmedical.eu\/en\/wp-json\/wp\/v2\/comments?post=14053"}],"version-history":[{"count":0,"href":"https:\/\/humanmedical.eu\/en\/wp-json\/wp\/v2\/pages\/14053\/revisions"}],"wp:attachment":[{"href":"https:\/\/humanmedical.eu\/en\/wp-json\/wp\/v2\/media?parent=14053"}],"curies":[{"name":"wp","href":"https:\/\/api.w.org\/{rel}","templated":true}]}}